{"id":39,"date":"2026-04-28T10:16:43","date_gmt":"2026-04-28T10:16:43","guid":{"rendered":"https:\/\/konyalaptopservis.tr\/guvenliinternet\/?page_id=39"},"modified":"2026-04-28T12:09:31","modified_gmt":"2026-04-28T12:09:31","slug":"iletisim","status":"publish","type":"page","link":"https:\/\/konyalaptopservis.tr\/guvenliinternet\/iletisim\/","title":{"rendered":"\u0130LET\u0130\u015e\u0130M"},"content":{"rendered":"\n\n\n<br>                                 <strong>CyberDome<\/strong>\n\n\n\n<p>0542 448 98 05<br>0532 399 06  12<\/p>\n\n\n\n<p> <strong>Haz\u0131m ulu \u015fahin i\u015f merkezi A.blok <\/strong><br> <strong>B\u00fcro Kat.1 D.134  <\/strong><strong>Sel\u00e7uklu &#8211; KONYA \/ t\u00fcrkiye<\/strong><\/p>\n\n\n","protected":false},"excerpt":{"rendered":"","protected":false},"author":1,"featured_media":0,"parent":0,"menu_order":0,"comment_status":"closed","ping_status":"closed","template":"","meta":{"pagelayer_contact_templates":[],"_pagelayer_content":"","footnotes":""},"class_list":["post-39","page","type-page","status-publish","hentry"],"_links":{"self":[{"href":"https:\/\/konyalaptopservis.tr\/guvenliinternet\/wp-json\/wp\/v2\/pages\/39","targetHints":{"allow":["GET"]}}],"collection":[{"href":"https:\/\/konyalaptopservis.tr\/guvenliinternet\/wp-json\/wp\/v2\/pages"}],"about":[{"href":"https:\/\/konyalaptopservis.tr\/guvenliinternet\/wp-json\/wp\/v2\/types\/page"}],"author":[{"embeddable":true,"href":"https:\/\/konyalaptopservis.tr\/guvenliinternet\/wp-json\/wp\/v2\/users\/1"}],"replies":[{"embeddable":true,"href":"https:\/\/konyalaptopservis.tr\/guvenliinternet\/wp-json\/wp\/v2\/comments?post=39"}],"version-history":[{"count":19,"href":"https:\/\/konyalaptopservis.tr\/guvenliinternet\/wp-json\/wp\/v2\/pages\/39\/revisions"}],"predecessor-version":[{"id":86,"href":"https:\/\/konyalaptopservis.tr\/guvenliinternet\/wp-json\/wp\/v2\/pages\/39\/revisions\/86"}],"wp:attachment":[{"href":"https:\/\/konyalaptopservis.tr\/guvenliinternet\/wp-json\/wp\/v2\/media?parent=39"}],"curies":[{"name":"wp","href":"https:\/\/api.w.org\/{rel}","templated":true}]}}